{"id":10063,"date":"2021-06-07T10:22:03","date_gmt":"2021-06-07T10:22:03","guid":{"rendered":"https:\/\/albertiangelo.it\/scuola-e-corsi\/"},"modified":"2022-03-21T09:06:33","modified_gmt":"2022-03-21T09:06:33","slug":"ecole-et-stages","status":"publish","type":"page","link":"https:\/\/albertiangelo.it\/fr\/ecole-et-stages\/","title":{"rendered":"\u00c9cole et stages"},"content":{"rendered":"\t\t<div data-elementor-type=\"wp-page\" data-elementor-id=\"10063\" class=\"elementor elementor-10063 elementor-250\" data-elementor-post-type=\"page\">\n\t\t\t\t\t\t<section class=\"elementor-section elementor-top-section elementor-element elementor-element-146edd8 elementor-section-boxed elementor-section-height-default elementor-section-height-default\" data-id=\"146edd8\" data-element_type=\"section\" data-e-type=\"section\" data-settings=\"{&quot;background_background&quot;:&quot;gradient&quot;}\">\n\t\t\t\t\t\t\t<div class=\"elementor-background-overlay\"><\/div>\n\t\t\t\t\t\t\t<div class=\"elementor-container elementor-column-gap-default\">\n\t\t\t\t\t<div class=\"elementor-column elementor-col-100 elementor-top-column elementor-element elementor-element-eb4a43a\" data-id=\"eb4a43a\" data-element_type=\"column\" data-e-type=\"column\">\n\t\t\t<div class=\"elementor-widget-wrap elementor-element-populated\">\n\t\t\t\t\t\t<div class=\"elementor-element elementor-element-0ecb79e elementor-widget elementor-widget-woocommerce-breadcrumb\" data-id=\"0ecb79e\" data-element_type=\"widget\" data-e-type=\"widget\" data-widget_type=\"woocommerce-breadcrumb.default\">\n\t\t\t\t\t<nav class=\"woocommerce-breadcrumb\" aria-label=\"Breadcrumb\">Accueil<\/nav>\t\t\t\t<\/div>\n\t\t\t\t\t<\/div>\n\t\t<\/div>\n\t\t\t\t\t<\/div>\n\t\t<\/section>\n\t\t\t\t<section class=\"elementor-section elementor-top-section elementor-element elementor-element-34860cf elementor-section-boxed elementor-section-height-default elementor-section-height-default\" data-id=\"34860cf\" data-element_type=\"section\" data-e-type=\"section\">\n\t\t\t\t\t\t<div class=\"elementor-container elementor-column-gap-default\">\n\t\t\t\t\t<div class=\"elementor-column elementor-col-100 elementor-top-column elementor-element elementor-element-c495e67\" data-id=\"c495e67\" data-element_type=\"column\" data-e-type=\"column\">\n\t\t\t<div class=\"elementor-widget-wrap elementor-element-populated\">\n\t\t\t\t\t\t<div class=\"elementor-element elementor-element-6ae974c elementor-widget elementor-widget-heading\" data-id=\"6ae974c\" data-element_type=\"widget\" data-e-type=\"widget\" data-widget_type=\"heading.default\">\n\t\t\t\t\t<h3 class=\"elementor-heading-title elementor-size-default\">\u00c9cole de formation professionnelle<\/h3>\t\t\t\t<\/div>\n\t\t\t\t\t<\/div>\n\t\t<\/div>\n\t\t\t\t\t<\/div>\n\t\t<\/section>\n\t\t\t\t<section class=\"elementor-section elementor-top-section elementor-element elementor-element-eea94ea elementor-section-boxed elementor-section-height-default elementor-section-height-default\" data-id=\"eea94ea\" data-element_type=\"section\" data-e-type=\"section\">\n\t\t\t\t\t\t<div class=\"elementor-container elementor-column-gap-default\">\n\t\t\t\t\t<div class=\"elementor-column elementor-col-50 elementor-top-column elementor-element elementor-element-65da625\" data-id=\"65da625\" data-element_type=\"column\" data-e-type=\"column\">\n\t\t\t<div class=\"elementor-widget-wrap elementor-element-populated\">\n\t\t\t\t\t\t<div class=\"elementor-element elementor-element-dbc8d89 elementor-widget elementor-widget-text-editor\" data-id=\"dbc8d89\" data-element_type=\"widget\" data-e-type=\"widget\" data-widget_type=\"text-editor.default\">\n\t\t\t\t\t\t\t\t\tL\u2019un des facteurs les plus importants de l\u2019Entreprise Alberti Angelo srl r\u00e9side dans <strong>l\u2019\u00c9COLE DE FORMATION PROFESSIONNELLE<\/strong>.\t\t\t\t\t\t\t\t<\/div>\n\t\t\t\t<div class=\"elementor-element elementor-element-eccef5f elementor-widget elementor-widget-text-editor\" data-id=\"eccef5f\" data-element_type=\"widget\" data-e-type=\"widget\" data-widget_type=\"text-editor.default\">\n\t\t\t\t\t\t\t\t\tL\u2019\u00c9COLE, d\u00e9sormais active depuis environ 30 ans, est n\u00e9e de l\u2019exigence de transmettre les notions qui sont \u00e0 la base du nettoyage et de l\u2019entretien des diff\u00e9rentes typologies de v\u00eatements, de mani\u00e8re \u00e0 donner \u00e0 l\u2019activit\u00e9 de blanchisserie le facteur de professionnalisme, que celle-ci exige. En outre, l\u2019incessante sophistication des v\u00eatements d\u00e9rivant de la mode contemporaine de plus en plus raffin\u00e9e pose toute une s\u00e9rie de probl\u00e9matiques \u00e0 l\u2019op\u00e9rateur de blanchisserie, qu\u2019il ne peut plus se permettre d\u2019improviser.\t\t\t\t\t\t\t\t<\/div>\n\t\t\t\t<div class=\"elementor-element elementor-element-7e731c9 elementor-widget elementor-widget-text-editor\" data-id=\"7e731c9\" data-element_type=\"widget\" data-e-type=\"widget\" data-widget_type=\"text-editor.default\">\n\t\t\t\t\t\t\t\t\tD\u2019o\u00f9 l\u2019exigence de <strong>COURS SP\u00c9CIFIQUES DE MODERNISATION<\/strong> sur les nouvelles techniques de nettoyage et d\u2019entretien \u00e9mergentes, qui repr\u00e9sentent une autre caract\u00e9ristique de notre <strong>Entreprise<\/strong>.\t\t\t\t\t\t\t\t<\/div>\n\t\t\t\t<div class=\"elementor-element elementor-element-15ef303 elementor-widget elementor-widget-text-editor\" data-id=\"15ef303\" data-element_type=\"widget\" data-e-type=\"widget\" data-widget_type=\"text-editor.default\">\n\t\t\t\t\t\t\t\t\tLe b\u00e2timent \u00e0 droite de l\u2019image report\u00e9e ci-dessous est affect\u00e9 sp\u00e9cifiquement \u00e0 la <strong>RECHERCHE ET \u00c0 L\u2019\u00c9COLE DE FORMATION<\/strong>.\t\t\t\t\t\t\t\t<\/div>\n\t\t\t\t\t<\/div>\n\t\t<\/div>\n\t\t\t\t<div class=\"elementor-column elementor-col-50 elementor-top-column elementor-element elementor-element-833ce63\" data-id=\"833ce63\" data-element_type=\"column\" data-e-type=\"column\">\n\t\t\t<div class=\"elementor-widget-wrap elementor-element-populated\">\n\t\t\t\t\t\t<div class=\"elementor-element elementor-element-90c2a3a elementor-widget elementor-widget-image\" data-id=\"90c2a3a\" data-element_type=\"widget\" data-e-type=\"widget\" data-widget_type=\"image.default\">\n\t\t\t\t\t\t\t\t\t\t\t\t\t\t\t<img fetchpriority=\"high\" decoding=\"async\" width=\"1024\" height=\"683\" src=\"https:\/\/albertiangelo.it\/wp-content\/uploads\/2021\/06\/DSC_8153-SCUOLA-1024x683-1.jpg\" class=\"attachment-full size-full wp-image-9755\" alt=\"\" srcset=\"https:\/\/albertiangelo.it\/wp-content\/uploads\/2021\/06\/DSC_8153-SCUOLA-1024x683-1.jpg 1024w, https:\/\/albertiangelo.it\/wp-content\/uploads\/2021\/06\/DSC_8153-SCUOLA-1024x683-1-600x400.jpg 600w, https:\/\/albertiangelo.it\/wp-content\/uploads\/2021\/06\/DSC_8153-SCUOLA-1024x683-1-300x200.jpg 300w, https:\/\/albertiangelo.it\/wp-content\/uploads\/2021\/06\/DSC_8153-SCUOLA-1024x683-1-768x512.jpg 768w\" sizes=\"(max-width: 1024px) 100vw, 1024px\" \/>\t\t\t\t\t\t\t\t\t\t\t\t\t\t\t<\/div>\n\t\t\t\t\t<\/div>\n\t\t<\/div>\n\t\t\t\t\t<\/div>\n\t\t<\/section>\n\t\t\t\t<section class=\"elementor-section elementor-top-section elementor-element elementor-element-7ee6f5f elementor-section-boxed elementor-section-height-default elementor-section-height-default\" data-id=\"7ee6f5f\" data-element_type=\"section\" data-e-type=\"section\" data-settings=\"{&quot;background_background&quot;:&quot;classic&quot;}\">\n\t\t\t\t\t\t<div class=\"elementor-container elementor-column-gap-default\">\n\t\t\t\t\t<div class=\"elementor-column elementor-col-100 elementor-top-column elementor-element elementor-element-552a56c\" data-id=\"552a56c\" data-element_type=\"column\" data-e-type=\"column\">\n\t\t\t<div class=\"elementor-widget-wrap elementor-element-populated\">\n\t\t\t\t\t\t<div class=\"elementor-element elementor-element-e145899 elementor-widget elementor-widget-heading\" data-id=\"e145899\" data-element_type=\"widget\" data-e-type=\"widget\" data-widget_type=\"heading.default\">\n\t\t\t\t\t<h4 class=\"elementor-heading-title elementor-size-default\">\u00c9COLE DE FORMATION<\/h4>\t\t\t\t<\/div>\n\t\t\t\t<div class=\"elementor-element elementor-element-27fc5f7 elementor-widget elementor-widget-text-editor\" data-id=\"27fc5f7\" data-element_type=\"widget\" data-e-type=\"widget\" data-widget_type=\"text-editor.default\">\n\t\t\t\t\t\t\t\t\tL\u2019\u00c9cole de Formation comprend une s\u00e9rie de cours sur la formation base concernant les nouveaux op\u00e9rateurs du secteur ainsi que les cours de formation professionnelle sp\u00e9cifiques.\nPour participer aux cours de l\u2019\u00e9cole Alberti Angelo, il suffit de contacter l\u2019Entreprise. Les cours sont \u00e9tablis par l\u2019Entreprise \u00e0 des dates d\u00e9termin\u00e9es et tous les clients, qui souhaitent participer, sont inform\u00e9s. Sur demande, en l\u2019\u00e9tablissant avec l\u2019entreprise, il est possible d\u2019organiser des Cours sp\u00e9cifiques d\u2019int\u00e9r\u00eat g\u00e9n\u00e9ral.\t\t\t\t\t\t\t\t<\/div>\n\t\t\t\t<div class=\"elementor-element elementor-element-fa3eec3 elementor-widget elementor-widget-image\" data-id=\"fa3eec3\" data-element_type=\"widget\" data-e-type=\"widget\" data-widget_type=\"image.default\">\n\t\t\t\t\t\t\t\t\t\t\t\t\t\t\t<img decoding=\"async\" width=\"1024\" height=\"747\" src=\"https:\/\/albertiangelo.it\/wp-content\/uploads\/2021\/06\/COMPO-CORSI-1024x747.png\" class=\"attachment-large size-large wp-image-9763\" alt=\"\" srcset=\"https:\/\/albertiangelo.it\/wp-content\/uploads\/2021\/06\/COMPO-CORSI-1024x747.png 1024w, https:\/\/albertiangelo.it\/wp-content\/uploads\/2021\/06\/COMPO-CORSI-600x438.png 600w, https:\/\/albertiangelo.it\/wp-content\/uploads\/2021\/06\/COMPO-CORSI-300x219.png 300w, https:\/\/albertiangelo.it\/wp-content\/uploads\/2021\/06\/COMPO-CORSI-768x560.png 768w, https:\/\/albertiangelo.it\/wp-content\/uploads\/2021\/06\/COMPO-CORSI-1536x1120.png 1536w, https:\/\/albertiangelo.it\/wp-content\/uploads\/2021\/06\/COMPO-CORSI.png 1600w\" sizes=\"(max-width: 1024px) 100vw, 1024px\" \/>\t\t\t\t\t\t\t\t\t\t\t\t\t\t\t<\/div>\n\t\t\t\t\t<\/div>\n\t\t<\/div>\n\t\t\t\t\t<\/div>\n\t\t<\/section>\n\t\t\t\t<section class=\"elementor-section elementor-top-section elementor-element elementor-element-f4b6ccc elementor-section-boxed elementor-section-height-default elementor-section-height-default\" data-id=\"f4b6ccc\" data-element_type=\"section\" data-e-type=\"section\">\n\t\t\t\t\t\t<div class=\"elementor-container elementor-column-gap-default\">\n\t\t\t\t\t<div class=\"elementor-column elementor-col-50 elementor-top-column elementor-element elementor-element-7370a19\" data-id=\"7370a19\" data-element_type=\"column\" data-e-type=\"column\">\n\t\t\t<div class=\"elementor-widget-wrap elementor-element-populated\">\n\t\t\t\t\t\t<div class=\"elementor-element elementor-element-0a583fd elementor-widget elementor-widget-heading\" data-id=\"0a583fd\" data-element_type=\"widget\" data-e-type=\"widget\" data-widget_type=\"heading.default\">\n\t\t\t\t\t<h4 class=\"elementor-heading-title elementor-size-default\">BIBLIOTH\u00c8QUE COURS MULTIM\u00c9DIAS ET FICHES TECHNIQUES\n<\/h4>\t\t\t\t<\/div>\n\t\t\t\t<div class=\"elementor-element elementor-element-e489209 elementor-widget elementor-widget-text-editor\" data-id=\"e489209\" data-element_type=\"widget\" data-e-type=\"widget\" data-widget_type=\"text-editor.default\">\n\t\t\t\t\t\t\t\t\tDe plus, si vous \u00eates nos clients et si vous vous inscrivez \u00e0 notre site Internet, il vous sera attribu\u00e9 un mot de passe, qui vous permettra d\u2019acc\u00e9der gratuitement \u00e0 tous les <strong>COURS DE FORMATION ET DE MODERNISATION MULTIM\u00c9DIAS<\/strong> pr\u00e9par\u00e9s par ALBERTI SCHOOL.\t\t\t\t\t\t\t\t<\/div>\n\t\t\t\t<div class=\"elementor-element elementor-element-db97afa elementor-widget elementor-widget-text-editor\" data-id=\"db97afa\" data-element_type=\"widget\" data-e-type=\"widget\" data-widget_type=\"text-editor.default\">\n\t\t\t\t\t\t\t\t\tVous pourrez d\u00e9charger toutes les <strong>FICHES TECHNIQUES<\/strong> concernant les diff\u00e9rentes techniques de nettoyage.\t\t\t\t\t\t\t\t<\/div>\n\t\t\t\t<div class=\"elementor-element elementor-element-8d0d650 elementor-widget elementor-widget-text-editor\" data-id=\"8d0d650\" data-element_type=\"widget\" data-e-type=\"widget\" data-widget_type=\"text-editor.default\">\n\t\t\t\t\t\t\t\t\tPour vous inscrire, il suffit de cliquer sur le menu en haut \u00e0 la rubrique \u201cINSCRIVEZ-VOUS\u201d, en introduisant le CODE, qui vous sera remis au moment du premier achat.\n\n\t\t\t\t\t\t\t\t<\/div>\n\t\t\t\t\t<\/div>\n\t\t<\/div>\n\t\t\t\t<div class=\"elementor-column elementor-col-50 elementor-top-column elementor-element elementor-element-8559742\" data-id=\"8559742\" data-element_type=\"column\" data-e-type=\"column\" data-settings=\"{&quot;background_background&quot;:&quot;classic&quot;}\">\n\t\t\t<div class=\"elementor-widget-wrap elementor-element-populated\">\n\t\t\t\t\t\t<div class=\"elementor-element elementor-element-b6ce4dd elementor-widget elementor-widget-heading\" data-id=\"b6ce4dd\" data-element_type=\"widget\" data-e-type=\"widget\" data-widget_type=\"heading.default\">\n\t\t\t\t\t<h4 class=\"elementor-heading-title elementor-size-default\">BIBLIOTH\u00c8QUE COURS MULTIM\u00c9DIAS\n<\/h4>\t\t\t\t<\/div>\n\t\t\t\t<div class=\"elementor-element elementor-element-41f8138 elementor-icon-list--layout-traditional elementor-list-item-link-full_width elementor-widget elementor-widget-icon-list\" data-id=\"41f8138\" data-element_type=\"widget\" data-e-type=\"widget\" data-widget_type=\"icon-list.default\">\n\t\t\t\t\t\t\t<ul class=\"elementor-icon-list-items\">\n\t\t\t\t\t\t\t<li class=\"elementor-icon-list-item\">\n\t\t\t\t\t\t\t\t\t\t\t<span class=\"elementor-icon-list-icon\">\n\t\t\t\t\t\t\t<svg aria-hidden=\"true\" class=\"e-font-icon-svg e-fas-check\" viewBox=\"0 0 512 512\" xmlns=\"http:\/\/www.w3.org\/2000\/svg\"><path d=\"M173.898 439.404l-166.4-166.4c-9.997-9.997-9.997-26.206 0-36.204l36.203-36.204c9.997-9.998 26.207-9.998 36.204 0L192 312.69 432.095 72.596c9.997-9.997 26.207-9.997 36.204 0l36.203 36.204c9.997 9.997 9.997 26.206 0 36.204l-294.4 294.401c-9.998 9.997-26.207 9.997-36.204-.001z\"><\/path><\/svg>\t\t\t\t\t\t<\/span>\n\t\t\t\t\t\t\t\t\t\t<span class=\"elementor-icon-list-text\">COURS DE NETTOYAGE \u00c0 L\u2019EAU ET \u00c0 SEC DE MAILLOTS DE LAINE<\/span>\n\t\t\t\t\t\t\t\t\t<\/li>\n\t\t\t\t\t\t<\/ul>\n\t\t\t\t\t\t<\/div>\n\t\t\t\t<div class=\"elementor-element elementor-element-c9c4e69 elementor-icon-list--layout-traditional elementor-list-item-link-full_width elementor-widget elementor-widget-icon-list\" data-id=\"c9c4e69\" data-element_type=\"widget\" data-e-type=\"widget\" data-widget_type=\"icon-list.default\">\n\t\t\t\t\t\t\t<ul class=\"elementor-icon-list-items\">\n\t\t\t\t\t\t\t<li class=\"elementor-icon-list-item\">\n\t\t\t\t\t\t\t\t\t\t\t<span class=\"elementor-icon-list-icon\">\n\t\t\t\t\t\t\t<svg aria-hidden=\"true\" class=\"e-font-icon-svg e-fas-check\" viewBox=\"0 0 512 512\" xmlns=\"http:\/\/www.w3.org\/2000\/svg\"><path d=\"M173.898 439.404l-166.4-166.4c-9.997-9.997-9.997-26.206 0-36.204l36.203-36.204c9.997-9.998 26.207-9.998 36.204 0L192 312.69 432.095 72.596c9.997-9.997 26.207-9.997 36.204 0l36.203 36.204c9.997 9.997 9.997 26.206 0 36.204l-294.4 294.401c-9.998 9.997-26.207 9.997-36.204-.001z\"><\/path><\/svg>\t\t\t\t\t\t<\/span>\n\t\t\t\t\t\t\t\t\t\t<span class=\"elementor-icon-list-text\">COURS DE NETTOYAGE \u00c0 L\u2019EAU ET \u00c0 SEC DE MAILLOTS DE COTON <\/span>\n\t\t\t\t\t\t\t\t\t<\/li>\n\t\t\t\t\t\t<\/ul>\n\t\t\t\t\t\t<\/div>\n\t\t\t\t<div class=\"elementor-element elementor-element-4c1391e elementor-icon-list--layout-traditional elementor-list-item-link-full_width elementor-widget elementor-widget-icon-list\" data-id=\"4c1391e\" data-element_type=\"widget\" data-e-type=\"widget\" data-widget_type=\"icon-list.default\">\n\t\t\t\t\t\t\t<ul class=\"elementor-icon-list-items\">\n\t\t\t\t\t\t\t<li class=\"elementor-icon-list-item\">\n\t\t\t\t\t\t\t\t\t\t\t<span class=\"elementor-icon-list-icon\">\n\t\t\t\t\t\t\t<svg aria-hidden=\"true\" class=\"e-font-icon-svg e-fas-check\" viewBox=\"0 0 512 512\" xmlns=\"http:\/\/www.w3.org\/2000\/svg\"><path d=\"M173.898 439.404l-166.4-166.4c-9.997-9.997-9.997-26.206 0-36.204l36.203-36.204c9.997-9.998 26.207-9.998 36.204 0L192 312.69 432.095 72.596c9.997-9.997 26.207-9.997 36.204 0l36.203 36.204c9.997 9.997 9.997 26.206 0 36.204l-294.4 294.401c-9.998 9.997-26.207 9.997-36.204-.001z\"><\/path><\/svg>\t\t\t\t\t\t<\/span>\n\t\t\t\t\t\t\t\t\t\t<span class=\"elementor-icon-list-text\">COURS DE NETTOYAGE \u00c0 L\u2019EAU ET \u00c0 SEC D\u2019UN V\u00caTEMENT DE ARMANI EN POLYUR\u00c9THANNE<\/span>\n\t\t\t\t\t\t\t\t\t<\/li>\n\t\t\t\t\t\t<\/ul>\n\t\t\t\t\t\t<\/div>\n\t\t\t\t<div class=\"elementor-element elementor-element-5147209 elementor-icon-list--layout-traditional elementor-list-item-link-full_width elementor-widget elementor-widget-icon-list\" data-id=\"5147209\" data-element_type=\"widget\" data-e-type=\"widget\" data-widget_type=\"icon-list.default\">\n\t\t\t\t\t\t\t<ul class=\"elementor-icon-list-items\">\n\t\t\t\t\t\t\t<li class=\"elementor-icon-list-item\">\n\t\t\t\t\t\t\t\t\t\t\t<span class=\"elementor-icon-list-icon\">\n\t\t\t\t\t\t\t<svg aria-hidden=\"true\" class=\"e-font-icon-svg e-fas-check\" viewBox=\"0 0 512 512\" xmlns=\"http:\/\/www.w3.org\/2000\/svg\"><path d=\"M173.898 439.404l-166.4-166.4c-9.997-9.997-9.997-26.206 0-36.204l36.203-36.204c9.997-9.998 26.207-9.998 36.204 0L192 312.69 432.095 72.596c9.997-9.997 26.207-9.997 36.204 0l36.203 36.204c9.997 9.997 9.997 26.206 0 36.204l-294.4 294.401c-9.998 9.997-26.207 9.997-36.204-.001z\"><\/path><\/svg>\t\t\t\t\t\t<\/span>\n\t\t\t\t\t\t\t\t\t\t<span class=\"elementor-icon-list-text\">COURS DE NETTOYAGE \u00c0 L\u2019EAU DE \u00c9DREDONS<\/span>\n\t\t\t\t\t\t\t\t\t<\/li>\n\t\t\t\t\t\t<\/ul>\n\t\t\t\t\t\t<\/div>\n\t\t\t\t\t<\/div>\n\t\t<\/div>\n\t\t\t\t\t<\/div>\n\t\t<\/section>\n\t\t\t\t<\/div>\n\t\t","protected":false},"excerpt":{"rendered":"<p>\u00c9cole de formation professionnelle L\u2019un des facteurs les plus importants de l\u2019Entreprise Alberti Angelo srl r\u00e9side dans l\u2019\u00c9COLE DE FORMATION PROFESSIONNELLE.L\u2019\u00c9COLE, d\u00e9sormais active depuis environ 30 ans, est n\u00e9e de l\u2019exigence de transmettre les notions qui sont \u00e0 la base du nettoyage et de l\u2019entretien des diff\u00e9rentes typologies de v\u00eatements, de mani\u00e8re \u00e0 donner \u00e0 [&hellip;]<\/p>\n","protected":false},"author":3,"featured_media":0,"parent":0,"menu_order":0,"comment_status":"closed","ping_status":"closed","template":"","meta":{"footnotes":""},"class_list":["post-10063","page","type-page","status-publish","hentry"],"_links":{"self":[{"href":"https:\/\/albertiangelo.it\/fr\/wp-json\/wp\/v2\/pages\/10063","targetHints":{"allow":["GET"]}}],"collection":[{"href":"https:\/\/albertiangelo.it\/fr\/wp-json\/wp\/v2\/pages"}],"about":[{"href":"https:\/\/albertiangelo.it\/fr\/wp-json\/wp\/v2\/types\/page"}],"author":[{"embeddable":true,"href":"https:\/\/albertiangelo.it\/fr\/wp-json\/wp\/v2\/users\/3"}],"replies":[{"embeddable":true,"href":"https:\/\/albertiangelo.it\/fr\/wp-json\/wp\/v2\/comments?post=10063"}],"version-history":[{"count":14,"href":"https:\/\/albertiangelo.it\/fr\/wp-json\/wp\/v2\/pages\/10063\/revisions"}],"predecessor-version":[{"id":10245,"href":"https:\/\/albertiangelo.it\/fr\/wp-json\/wp\/v2\/pages\/10063\/revisions\/10245"}],"wp:attachment":[{"href":"https:\/\/albertiangelo.it\/fr\/wp-json\/wp\/v2\/media?parent=10063"}],"curies":[{"name":"wp","href":"https:\/\/api.w.org\/{rel}","templated":true}]}}