{"id":10069,"date":"2021-06-07T10:20:38","date_gmt":"2021-06-07T10:20:38","guid":{"rendered":"https:\/\/albertiangelo.it\/prodotti\/"},"modified":"2022-03-18T16:45:49","modified_gmt":"2022-03-18T16:45:49","slug":"produits","status":"publish","type":"page","link":"https:\/\/albertiangelo.it\/fr\/produits\/","title":{"rendered":"Produits"},"content":{"rendered":"\t\t<div data-elementor-type=\"wp-page\" data-elementor-id=\"10069\" class=\"elementor elementor-10069 elementor-246\" data-elementor-post-type=\"page\">\n\t\t\t\t\t\t<section class=\"elementor-section elementor-top-section elementor-element elementor-element-9141a02 elementor-section-boxed elementor-section-height-default elementor-section-height-default\" data-id=\"9141a02\" data-element_type=\"section\" data-e-type=\"section\" data-settings=\"{&quot;background_background&quot;:&quot;gradient&quot;}\">\n\t\t\t\t\t\t\t<div class=\"elementor-background-overlay\"><\/div>\n\t\t\t\t\t\t\t<div class=\"elementor-container elementor-column-gap-default\">\n\t\t\t\t\t<div class=\"elementor-column elementor-col-100 elementor-top-column elementor-element elementor-element-229c8a6\" data-id=\"229c8a6\" data-element_type=\"column\" data-e-type=\"column\">\n\t\t\t<div class=\"elementor-widget-wrap elementor-element-populated\">\n\t\t\t\t\t\t<div class=\"elementor-element elementor-element-3c9f4d1 elementor-widget elementor-widget-woocommerce-breadcrumb\" data-id=\"3c9f4d1\" data-element_type=\"widget\" data-e-type=\"widget\" data-widget_type=\"woocommerce-breadcrumb.default\">\n\t\t\t\t\t<nav class=\"woocommerce-breadcrumb\" aria-label=\"Breadcrumb\">Accueil<\/nav>\t\t\t\t<\/div>\n\t\t\t\t\t<\/div>\n\t\t<\/div>\n\t\t\t\t\t<\/div>\n\t\t<\/section>\n\t\t\t\t<section class=\"elementor-section elementor-top-section elementor-element elementor-element-a859420 elementor-section-boxed elementor-section-height-default elementor-section-height-default\" data-id=\"a859420\" data-element_type=\"section\" data-e-type=\"section\">\n\t\t\t\t\t\t<div class=\"elementor-container elementor-column-gap-default\">\n\t\t\t\t\t<div class=\"elementor-column elementor-col-100 elementor-top-column elementor-element elementor-element-4120934\" data-id=\"4120934\" data-element_type=\"column\" data-e-type=\"column\">\n\t\t\t<div class=\"elementor-widget-wrap elementor-element-populated\">\n\t\t\t\t\t\t<div class=\"elementor-element elementor-element-e53b160 elementor-widget elementor-widget-heading\" data-id=\"e53b160\" data-element_type=\"widget\" data-e-type=\"widget\" data-widget_type=\"heading.default\">\n\t\t\t\t\t<h3 class=\"elementor-heading-title elementor-size-default\">Technologies et produits chimiques innovants<\/h3>\t\t\t\t<\/div>\n\t\t\t\t\t<\/div>\n\t\t<\/div>\n\t\t\t\t\t<\/div>\n\t\t<\/section>\n\t\t\t\t<section class=\"elementor-section elementor-top-section elementor-element elementor-element-93724be elementor-section-boxed elementor-section-height-default elementor-section-height-default\" data-id=\"93724be\" data-element_type=\"section\" data-e-type=\"section\">\n\t\t\t\t\t\t<div class=\"elementor-container elementor-column-gap-default\">\n\t\t\t\t\t<div class=\"elementor-column elementor-col-100 elementor-top-column elementor-element elementor-element-5cc270d\" data-id=\"5cc270d\" data-element_type=\"column\" data-e-type=\"column\">\n\t\t\t<div class=\"elementor-widget-wrap elementor-element-populated\">\n\t\t\t\t\t\t<div class=\"elementor-element elementor-element-da695f7 elementor-widget elementor-widget-text-editor\" data-id=\"da695f7\" data-element_type=\"widget\" data-e-type=\"widget\" data-widget_type=\"text-editor.default\">\n\t\t\t\t\t\t\t\t\t<p>Dans cette section, nous vous proposons tous nos produits de pointe dont vous aurez besoin pour effectuer vos travaux de nettoyage et de finition de la meilleure fa\u00e7on possible et sans aucun probl\u00e8me.<\/p><p>Pour une meilleure ergonomie de l&#8217;offre, nous avons jug\u00e9 opportun de les r\u00e9partir par type de v\u00eatement, par type de lavage et par probl\u00e9matiques sp\u00e9cifiques.<\/p><p>Les diff\u00e9rents types de v\u00eatements comprennent \u00e9galement des sous-classes de v\u00eatements sp\u00e9cifiques qui n\u00e9cessitent des technologies sp\u00e9cifiques et\/ou compl\u00e9mentaires \u00e0 celles d\u00e9j\u00e0 propos\u00e9es dans la cat\u00e9gorie \u00e0 laquelle ils appartiennent. Ainsi, si vous souhaitez conna\u00eetre imm\u00e9diatement les syst\u00e8mes de nettoyage propos\u00e9s pour une certaine sous-classe de v\u00eatements sp\u00e9cifiques, il vous suffit de cliquer sur l&#8217;ic\u00f4ne correspondante. comme vous le verrez dans la section suivante.<\/p><p>Choisissez ensuite la cat\u00e9gorie de vos v\u00eatements (tissus, cuirs, fourrures) et vous d\u00e9couvrirez toutes nos meilleures offres class\u00e9es par type de lavage (avec des machines \u00e0 eau, avec des machines s\u00e8ches au perchlore, avec des machines s\u00e8ches aux hydrocarbures).<\/p>\t\t\t\t\t\t\t\t<\/div>\n\t\t\t\t\t<\/div>\n\t\t<\/div>\n\t\t\t\t\t<\/div>\n\t\t<\/section>\n\t\t\t\t<section class=\"elementor-section elementor-top-section elementor-element elementor-element-770fbd8 elementor-section-boxed elementor-section-height-default elementor-section-height-default\" data-id=\"770fbd8\" data-element_type=\"section\" data-e-type=\"section\">\n\t\t\t\t\t\t<div class=\"elementor-container elementor-column-gap-default\">\n\t\t\t\t\t<div class=\"elementor-column elementor-col-25 elementor-top-column elementor-element elementor-element-dea0567\" data-id=\"dea0567\" data-element_type=\"column\" data-e-type=\"column\">\n\t\t\t<div class=\"elementor-widget-wrap elementor-element-populated\">\n\t\t\t\t\t\t<div class=\"elementor-element elementor-element-c82d6de elementor-widget elementor-widget-heading\" data-id=\"c82d6de\" data-element_type=\"widget\" data-e-type=\"widget\" data-widget_type=\"heading.default\">\n\t\t\t\t\t<p class=\"elementor-heading-title elementor-size-default\"><a href=\"https:\/\/albertiangelo.it\/categoria-prodotto\/tessuti\/\">TECHNOLOGIES POUR LE LAVAGE DE<\/a><\/p>\t\t\t\t<\/div>\n\t\t\t\t<div class=\"elementor-element elementor-element-92174bd elementor-align-center elementor-widget elementor-widget-button\" data-id=\"92174bd\" data-element_type=\"widget\" data-e-type=\"widget\" data-widget_type=\"button.default\">\n\t\t\t\t\t\t\t\t\t\t<a class=\"elementor-button elementor-button-link elementor-size-sm\" href=\"https:\/\/albertiangelo.it\/categoria-prodotto\/tessuti\/\">\n\t\t\t\t\t\t<span class=\"elementor-button-content-wrapper\">\n\t\t\t\t\t\t\t\t\t<span class=\"elementor-button-text\">V\u00caTEMENTS TISSUS<\/span>\n\t\t\t\t\t<\/span>\n\t\t\t\t\t<\/a>\n\t\t\t\t\t\t\t\t<\/div>\n\t\t\t\t<div class=\"elementor-element elementor-element-c965b60 elementor-widget elementor-widget-image\" data-id=\"c965b60\" data-element_type=\"widget\" data-e-type=\"widget\" data-widget_type=\"image.default\">\n\t\t\t\t\t\t\t\t\t\t\t\t\t\t\t\t<a href=\"https:\/\/albertiangelo.it\/categoria-prodotto\/tessuti\/\">\n\t\t\t\t\t\t\t<img decoding=\"async\" width=\"180\" height=\"210\" src=\"https:\/\/albertiangelo.it\/wp-content\/uploads\/2021\/06\/ESAGONO-TESSUTI-180x210-1.png\" class=\"attachment-large size-large wp-image-9745\" alt=\"\" \/>\t\t\t\t\t\t\t\t<\/a>\n\t\t\t\t\t\t\t\t\t\t\t\t\t\t\t<\/div>\n\t\t\t\t\t<\/div>\n\t\t<\/div>\n\t\t\t\t<div class=\"elementor-column elementor-col-25 elementor-top-column elementor-element elementor-element-cc52d2e\" data-id=\"cc52d2e\" data-element_type=\"column\" data-e-type=\"column\">\n\t\t\t<div class=\"elementor-widget-wrap elementor-element-populated\">\n\t\t\t\t\t\t<div class=\"elementor-element elementor-element-57a2a21 elementor-widget elementor-widget-heading\" data-id=\"57a2a21\" data-element_type=\"widget\" data-e-type=\"widget\" data-widget_type=\"heading.default\">\n\t\t\t\t\t<p class=\"elementor-heading-title elementor-size-default\"><a href=\"https:\/\/albertiangelo.it\/categoria-prodotto\/tessuti\/tintura-capi-in-tessuto\/\">TECHNOLOGIES POUR LA<\/a><\/p>\t\t\t\t<\/div>\n\t\t\t\t<div class=\"elementor-element elementor-element-8036ce4 elementor-align-center elementor-widget elementor-widget-button\" data-id=\"8036ce4\" data-element_type=\"widget\" data-e-type=\"widget\" data-widget_type=\"button.default\">\n\t\t\t\t\t\t\t\t\t\t<a class=\"elementor-button elementor-button-link elementor-size-sm\" href=\"https:\/\/albertiangelo.it\/categoria-prodotto\/tessuti\/tintura-capi-in-tessuto\/\">\n\t\t\t\t\t\t<span class=\"elementor-button-content-wrapper\">\n\t\t\t\t\t\t\t\t\t<span class=\"elementor-button-text\">TEINTURE DES V\u00caTEMENTS EN TISSU<\/span>\n\t\t\t\t\t<\/span>\n\t\t\t\t\t<\/a>\n\t\t\t\t\t\t\t\t<\/div>\n\t\t\t\t<div class=\"elementor-element elementor-element-4d49afa elementor-widget elementor-widget-image\" data-id=\"4d49afa\" data-element_type=\"widget\" data-e-type=\"widget\" data-widget_type=\"image.default\">\n\t\t\t\t\t\t\t\t\t\t\t\t\t\t\t\t<a href=\"https:\/\/albertiangelo.it\/categoria-prodotto\/tessuti\/tintura-capi-in-tessuto\/\">\n\t\t\t\t\t\t\t<img decoding=\"async\" width=\"180\" height=\"210\" src=\"https:\/\/albertiangelo.it\/wp-content\/uploads\/2021\/06\/ESAGONO-TINTURA-TESSUTI-180x210-1.png\" class=\"attachment-large size-large wp-image-9743\" alt=\"\" \/>\t\t\t\t\t\t\t\t<\/a>\n\t\t\t\t\t\t\t\t\t\t\t\t\t\t\t<\/div>\n\t\t\t\t\t<\/div>\n\t\t<\/div>\n\t\t\t\t<div class=\"elementor-column elementor-col-25 elementor-top-column elementor-element elementor-element-9716c00\" data-id=\"9716c00\" data-element_type=\"column\" data-e-type=\"column\">\n\t\t\t<div class=\"elementor-widget-wrap elementor-element-populated\">\n\t\t\t\t\t\t<div class=\"elementor-element elementor-element-5743adb elementor-widget elementor-widget-heading\" data-id=\"5743adb\" data-element_type=\"widget\" data-e-type=\"widget\" data-widget_type=\"heading.default\">\n\t\t\t\t\t<p class=\"elementor-heading-title elementor-size-default\"><a href=\"https:\/\/albertiangelo.it\/categoria-prodotto\/capi-in-pelle\/\">TECHNOLOGIES POUR LE LAVAGE DE<\/a><\/p>\t\t\t\t<\/div>\n\t\t\t\t<div class=\"elementor-element elementor-element-1b75710 elementor-align-center elementor-widget elementor-widget-button\" data-id=\"1b75710\" data-element_type=\"widget\" data-e-type=\"widget\" data-widget_type=\"button.default\">\n\t\t\t\t\t\t\t\t\t\t<a class=\"elementor-button elementor-button-link elementor-size-sm\" href=\"https:\/\/albertiangelo.it\/categoria-prodotto\/capi-in-pelle\/\">\n\t\t\t\t\t\t<span class=\"elementor-button-content-wrapper\">\n\t\t\t\t\t\t\t\t\t<span class=\"elementor-button-text\">V\u00caTEMENTS EN CUIR<\/span>\n\t\t\t\t\t<\/span>\n\t\t\t\t\t<\/a>\n\t\t\t\t\t\t\t\t<\/div>\n\t\t\t\t<div class=\"elementor-element elementor-element-0352625 elementor-widget elementor-widget-image\" data-id=\"0352625\" data-element_type=\"widget\" data-e-type=\"widget\" data-widget_type=\"image.default\">\n\t\t\t\t\t\t\t\t\t\t\t\t\t\t\t\t<a href=\"https:\/\/albertiangelo.it\/categoria-prodotto\/capi-in-pelle\/\">\n\t\t\t\t\t\t\t<img decoding=\"async\" width=\"180\" height=\"210\" src=\"https:\/\/albertiangelo.it\/wp-content\/uploads\/2021\/06\/ESAGONO-PELLE-180x210-1.png\" class=\"attachment-large size-large wp-image-9746\" alt=\"\" \/>\t\t\t\t\t\t\t\t<\/a>\n\t\t\t\t\t\t\t\t\t\t\t\t\t\t\t<\/div>\n\t\t\t\t\t<\/div>\n\t\t<\/div>\n\t\t\t\t<div class=\"elementor-column elementor-col-25 elementor-top-column elementor-element elementor-element-5f8f427\" data-id=\"5f8f427\" data-element_type=\"column\" data-e-type=\"column\">\n\t\t\t<div class=\"elementor-widget-wrap elementor-element-populated\">\n\t\t\t\t\t\t<div class=\"elementor-element elementor-element-871b7e3 elementor-widget elementor-widget-heading\" data-id=\"871b7e3\" data-element_type=\"widget\" data-e-type=\"widget\" data-widget_type=\"heading.default\">\n\t\t\t\t\t<p class=\"elementor-heading-title elementor-size-default\"><a href=\"https:\/\/albertiangelo.it\/categoria-prodotto\/capi-in-pelliccia\/\">TECHNOLOGIES POUR LE LAVAGE DE<\/a><\/p>\t\t\t\t<\/div>\n\t\t\t\t<div class=\"elementor-element elementor-element-0b8ca8b elementor-align-center elementor-widget elementor-widget-button\" data-id=\"0b8ca8b\" data-element_type=\"widget\" data-e-type=\"widget\" data-widget_type=\"button.default\">\n\t\t\t\t\t\t\t\t\t\t<a class=\"elementor-button elementor-button-link elementor-size-sm\" href=\"https:\/\/albertiangelo.it\/categoria-prodotto\/capi-in-pelliccia\/\">\n\t\t\t\t\t\t<span class=\"elementor-button-content-wrapper\">\n\t\t\t\t\t\t\t\t\t<span class=\"elementor-button-text\">V\u00caTEMENTS EN FOURRURE<\/span>\n\t\t\t\t\t<\/span>\n\t\t\t\t\t<\/a>\n\t\t\t\t\t\t\t\t<\/div>\n\t\t\t\t<div class=\"elementor-element elementor-element-bf9e0c6 elementor-widget elementor-widget-image\" data-id=\"bf9e0c6\" data-element_type=\"widget\" data-e-type=\"widget\" data-widget_type=\"image.default\">\n\t\t\t\t\t\t\t\t\t\t\t\t\t\t\t\t<a href=\"https:\/\/albertiangelo.it\/categoria-prodotto\/capi-in-pelliccia\/\">\n\t\t\t\t\t\t\t<img loading=\"lazy\" decoding=\"async\" width=\"180\" height=\"210\" src=\"https:\/\/albertiangelo.it\/wp-content\/uploads\/2021\/06\/ESAGONO-PELLICCE-180x210-1.png\" class=\"attachment-large size-large wp-image-9747\" alt=\"\" \/>\t\t\t\t\t\t\t\t<\/a>\n\t\t\t\t\t\t\t\t\t\t\t\t\t\t\t<\/div>\n\t\t\t\t\t<\/div>\n\t\t<\/div>\n\t\t\t\t\t<\/div>\n\t\t<\/section>\n\t\t\t\t<section class=\"elementor-section elementor-top-section elementor-element elementor-element-1b44b65 elementor-section-content-middle elementor-section-boxed elementor-section-height-default elementor-section-height-default\" data-id=\"1b44b65\" data-element_type=\"section\" data-e-type=\"section\">\n\t\t\t\t\t\t<div class=\"elementor-container elementor-column-gap-default\">\n\t\t\t\t\t<div class=\"elementor-column elementor-col-50 elementor-top-column elementor-element elementor-element-f64ae0c\" data-id=\"f64ae0c\" data-element_type=\"column\" data-e-type=\"column\">\n\t\t\t<div class=\"elementor-widget-wrap elementor-element-populated\">\n\t\t\t\t\t\t<div class=\"elementor-element elementor-element-16b5162 elementor-widget elementor-widget-text-editor\" data-id=\"16b5162\" data-element_type=\"widget\" data-e-type=\"widget\" data-widget_type=\"text-editor.default\">\n\t\t\t\t\t\t\t\t\t<p>une recherche continue<br \/>afin d&#8217;offrir,<br \/>pour chaque type de v\u00eatement<br \/>et pour chaque syst\u00e8me de lavage<br \/>puissance de nettoyage maximale<br \/>avec la d\u00e9licatesse<br \/>et dans le plus grand respect de l&#8217;environnement<\/p>\t\t\t\t\t\t\t\t<\/div>\n\t\t\t\t\t<\/div>\n\t\t<\/div>\n\t\t\t\t<div class=\"elementor-column elementor-col-50 elementor-top-column elementor-element elementor-element-93f1798\" data-id=\"93f1798\" data-element_type=\"column\" data-e-type=\"column\">\n\t\t\t<div class=\"elementor-widget-wrap elementor-element-populated\">\n\t\t\t\t\t\t<div class=\"elementor-element elementor-element-4c94ecd elementor-widget elementor-widget-image\" data-id=\"4c94ecd\" data-element_type=\"widget\" data-e-type=\"widget\" data-widget_type=\"image.default\">\n\t\t\t\t\t\t\t\t\t\t\t\t\t\t\t<img loading=\"lazy\" decoding=\"async\" width=\"1024\" height=\"683\" src=\"https:\/\/albertiangelo.it\/wp-content\/uploads\/2021\/06\/DSC_8396-1024x683-1.jpg\" class=\"attachment-large size-large wp-image-9760\" alt=\"\" srcset=\"https:\/\/albertiangelo.it\/wp-content\/uploads\/2021\/06\/DSC_8396-1024x683-1.jpg 1024w, https:\/\/albertiangelo.it\/wp-content\/uploads\/2021\/06\/DSC_8396-1024x683-1-600x400.jpg 600w, https:\/\/albertiangelo.it\/wp-content\/uploads\/2021\/06\/DSC_8396-1024x683-1-300x200.jpg 300w, https:\/\/albertiangelo.it\/wp-content\/uploads\/2021\/06\/DSC_8396-1024x683-1-768x512.jpg 768w\" sizes=\"(max-width: 1024px) 100vw, 1024px\" \/>\t\t\t\t\t\t\t\t\t\t\t\t\t\t\t<\/div>\n\t\t\t\t\t<\/div>\n\t\t<\/div>\n\t\t\t\t\t<\/div>\n\t\t<\/section>\n\t\t\t\t<section class=\"elementor-section elementor-top-section elementor-element elementor-element-d4c1039 elementor-section-boxed elementor-section-height-default elementor-section-height-default\" data-id=\"d4c1039\" data-element_type=\"section\" data-e-type=\"section\">\n\t\t\t\t\t\t<div class=\"elementor-container elementor-column-gap-default\">\n\t\t\t\t\t<div class=\"elementor-column elementor-col-100 elementor-top-column elementor-element elementor-element-6765156\" data-id=\"6765156\" data-element_type=\"column\" data-e-type=\"column\">\n\t\t\t<div class=\"elementor-widget-wrap elementor-element-populated\">\n\t\t\t\t\t\t<div class=\"elementor-element elementor-element-ab015f8 elementor-widget elementor-widget-text-editor\" data-id=\"ab015f8\" data-element_type=\"widget\" data-e-type=\"widget\" data-widget_type=\"text-editor.default\">\n\t\t\t\t\t\t\t\t\t<p>\u00c9videmment, ils repr\u00e9sentent les technologies les plus r\u00e9centes de notre entreprise et, compte tenu de la recherche continue, ils peuvent \u00eatre am\u00e9lior\u00e9s au fil du temps en fonction de l&#8217;\u00e9volution de la chimie, de la sophistication des v\u00eatements due \u00e0 la mode et, enfin et surtout, du moindre impact environnemental.<\/p><p>Pour chaque produit, vous pourrez voir la description, toute fiche technique et, si possible, les vid\u00e9os des cours relatifs \u00e0 ce syst\u00e8me de lavage.<\/p><p>Il est \u00e0 peine besoin de pr\u00e9ciser que bien que le site soit assez explicatif, vous ne serez jamais seul dans votre choix car vous pourrez toujours compter sur notre accompagnement.<\/p><p>C&#8217;est pr\u00e9cis\u00e9ment le contact constant avec nos clients, qui est \u00e0 la base de la politique de notre entreprise, qui nous a permis d&#8217;atteindre des objectifs importants dans ce secteur sp\u00e9cifique tant au niveau national qu&#8217;international. Tous vos cas, vos probl\u00e8mes et vos succ\u00e8s nous orientent de plus en plus vers le d\u00e9veloppement de produits chimiques exceptionnels \u00e0 tous points de vue, notamment celui de l&#8217;environnement.<\/p><p>Dans la rubrique &#8220;accessoires&#8221;, vous pourrez \u00e9galement d\u00e9couvrir toutes nos propositions, optimis\u00e9es en termes de qualit\u00e9-prix, concernant tous les accessoires n\u00e9cessaires au m\u00e9tier de blanchisserie. Vous n&#8217;aurez qu&#8217;\u00e0 demander pour \u00eatre mieux conseill\u00e9.<\/p>\t\t\t\t\t\t\t\t<\/div>\n\t\t\t\t\t<\/div>\n\t\t<\/div>\n\t\t\t\t\t<\/div>\n\t\t<\/section>\n\t\t\t\t<section class=\"elementor-section elementor-top-section elementor-element elementor-element-f114d46 elementor-section-boxed elementor-section-height-default elementor-section-height-default\" data-id=\"f114d46\" data-element_type=\"section\" data-e-type=\"section\">\n\t\t\t\t\t\t<div class=\"elementor-container elementor-column-gap-default\">\n\t\t\t\t\t<div class=\"elementor-column elementor-col-100 elementor-top-column elementor-element elementor-element-8dcacd2\" data-id=\"8dcacd2\" data-element_type=\"column\" data-e-type=\"column\">\n\t\t\t<div class=\"elementor-widget-wrap elementor-element-populated\">\n\t\t\t\t\t\t<div class=\"elementor-element elementor-element-6295d96 elementor-widget elementor-widget-spacer\" data-id=\"6295d96\" data-element_type=\"widget\" data-e-type=\"widget\" data-widget_type=\"spacer.default\">\n\t\t\t\t\t\t\t<div class=\"elementor-spacer\">\n\t\t\t<div class=\"elementor-spacer-inner\"><\/div>\n\t\t<\/div>\n\t\t\t\t\t\t<\/div>\n\t\t\t\t\t<\/div>\n\t\t<\/div>\n\t\t\t\t\t<\/div>\n\t\t<\/section>\n\t\t\t\t<\/div>\n\t\t","protected":false},"excerpt":{"rendered":"<p>Technologies et produits chimiques innovants Dans cette section, nous vous proposons tous nos produits de pointe dont vous aurez besoin pour effectuer vos travaux de nettoyage et de finition de la meilleure fa\u00e7on possible et sans aucun probl\u00e8me. Pour une meilleure ergonomie de l&#8217;offre, nous avons jug\u00e9 opportun de les r\u00e9partir par type de v\u00eatement, [&hellip;]<\/p>\n","protected":false},"author":3,"featured_media":0,"parent":0,"menu_order":0,"comment_status":"closed","ping_status":"closed","template":"","meta":{"footnotes":""},"class_list":["post-10069","page","type-page","status-publish","hentry"],"_links":{"self":[{"href":"https:\/\/albertiangelo.it\/fr\/wp-json\/wp\/v2\/pages\/10069","targetHints":{"allow":["GET"]}}],"collection":[{"href":"https:\/\/albertiangelo.it\/fr\/wp-json\/wp\/v2\/pages"}],"about":[{"href":"https:\/\/albertiangelo.it\/fr\/wp-json\/wp\/v2\/types\/page"}],"author":[{"embeddable":true,"href":"https:\/\/albertiangelo.it\/fr\/wp-json\/wp\/v2\/users\/3"}],"replies":[{"embeddable":true,"href":"https:\/\/albertiangelo.it\/fr\/wp-json\/wp\/v2\/comments?post=10069"}],"version-history":[{"count":7,"href":"https:\/\/albertiangelo.it\/fr\/wp-json\/wp\/v2\/pages\/10069\/revisions"}],"predecessor-version":[{"id":10076,"href":"https:\/\/albertiangelo.it\/fr\/wp-json\/wp\/v2\/pages\/10069\/revisions\/10076"}],"wp:attachment":[{"href":"https:\/\/albertiangelo.it\/fr\/wp-json\/wp\/v2\/media?parent=10069"}],"curies":[{"name":"wp","href":"https:\/\/api.w.org\/{rel}","templated":true}]}}