{"id":10253,"date":"2021-10-24T20:55:11","date_gmt":"2021-10-24T20:55:11","guid":{"rendered":"https:\/\/albertiangelo.it\/prodotto\/amidon-liquid\/"},"modified":"2021-10-24T20:55:11","modified_gmt":"2021-10-24T20:55:11","slug":"amidon-liquid","status":"publish","type":"product","link":"https:\/\/albertiangelo.it\/fr\/prodotto\/amidon-liquid\/","title":{"rendered":"AMIDON LIQUID"},"content":{"rendered":"","protected":false},"excerpt":{"rendered":"<p>Produit \u00e0 utiliser dans le dernier rin\u00e7age, donne une main soutenue aux v\u00eatements trait\u00e9s.<\/p>\n<p><strong>dosage recomand\u00e9: <\/strong><\/p>\n<ul>\n<li>50-100 grammes par machine de 15 kg selon la main que vous voulez obtenir<\/li>\n<\/ul>\n","protected":false},"featured_media":9964,"template":"","meta":[],"product_brand":[],"product_cat":[570,569,568],"product_tag":[676],"class_list":{"0":"post-10253","1":"product","2":"type-product","3":"status-publish","4":"has-post-thumbnail","6":"product_cat-additifs-et-adjuvants-fr-4","7":"product_cat-lavage-a-eau-w","8":"product_cat-tissu","9":"product_tag-industriel","11":"first","12":"instock","13":"taxable","14":"shipping-taxable","15":"purchasable","16":"product-type-variable"},"_links":{"self":[{"href":"https:\/\/albertiangelo.it\/fr\/wp-json\/wp\/v2\/product\/10253","targetHints":{"allow":["GET"]}}],"collection":[{"href":"https:\/\/albertiangelo.it\/fr\/wp-json\/wp\/v2\/product"}],"about":[{"href":"https:\/\/albertiangelo.it\/fr\/wp-json\/wp\/v2\/types\/product"}],"version-history":[{"count":0,"href":"https:\/\/albertiangelo.it\/fr\/wp-json\/wp\/v2\/product\/10253\/revisions"}],"wp:featuredmedia":[{"embeddable":true,"href":"https:\/\/albertiangelo.it\/fr\/wp-json\/wp\/v2\/media\/9964"}],"wp:attachment":[{"href":"https:\/\/albertiangelo.it\/fr\/wp-json\/wp\/v2\/media?parent=10253"}],"wp:term":[{"taxonomy":"product_brand","embeddable":true,"href":"https:\/\/albertiangelo.it\/fr\/wp-json\/wp\/v2\/product_brand?post=10253"},{"taxonomy":"product_cat","embeddable":true,"href":"https:\/\/albertiangelo.it\/fr\/wp-json\/wp\/v2\/product_cat?post=10253"},{"taxonomy":"product_tag","embeddable":true,"href":"https:\/\/albertiangelo.it\/fr\/wp-json\/wp\/v2\/product_tag?post=10253"}],"curies":[{"name":"wp","href":"https:\/\/api.w.org\/{rel}","templated":true}]}}